{"id":14,"date":"2025-11-24T23:14:07","date_gmt":"2025-11-25T04:14:07","guid":{"rendered":"http:\/\/nubeestrella.top\/?page_id=14"},"modified":"2025-12-08T00:55:42","modified_gmt":"2025-12-08T05:55:42","slug":"sobre-nubeestrella","status":"publish","type":"page","link":"https:\/\/nubeestrella.top\/index.php\/sobre-nubeestrella\/","title":{"rendered":"NOSOTROS"},"content":{"rendered":"\t\t<div data-elementor-type=\"wp-page\" data-elementor-id=\"14\" class=\"elementor elementor-14\" data-elementor-post-type=\"page\">\n\t\t\t\t<div class=\"elementor-element elementor-element-1e53185 e-flex e-con-boxed e-con e-parent\" data-id=\"1e53185\" data-element_type=\"container\">\n\t\t\t\t\t<div class=\"e-con-inner\">\n\t\t\t\t<div class=\"elementor-element elementor-element-260fe36 elementor-widget elementor-widget-heading\" data-id=\"260fe36\" data-element_type=\"widget\" data-widget_type=\"heading.default\">\n\t\t\t\t\t<h2 class=\"elementor-heading-title elementor-size-default\">\"Somos NubeEstrella: sabor,estilo y vapor en cada nube\"<\/h2>\t\t\t\t<\/div>\n\t\t\t\t\t<\/div>\n\t\t\t\t<\/div>\n\t\t<div class=\"elementor-element elementor-element-29be118 e-flex e-con-boxed e-con e-parent\" data-id=\"29be118\" data-element_type=\"container\">\n\t\t\t\t\t<div class=\"e-con-inner\">\n\t\t\t\t<div class=\"elementor-element elementor-element-b00a973 elementor-align-center elementor-widget elementor-widget-button\" data-id=\"b00a973\" data-element_type=\"widget\" data-widget_type=\"button.default\">\n\t\t\t\t\t\t\t\t\t\t<a class=\"elementor-button elementor-button-link elementor-size-sm\" href=\"#\">\n\t\t\t\t\t\t<span class=\"elementor-button-content-wrapper\">\n\t\t\t\t\t\t\t\t\t<span class=\"elementor-button-text\">MISION - NubeEstrella<\/span>\n\t\t\t\t\t<\/span>\n\t\t\t\t\t<\/a>\n\t\t\t\t\t\t\t\t<\/div>\n\t\t\t\t\t<\/div>\n\t\t\t\t<\/div>\n\t\t<div class=\"elementor-element elementor-element-2429188 e-flex e-con-boxed e-con e-parent\" data-id=\"2429188\" data-element_type=\"container\">\n\t\t\t\t\t<div class=\"e-con-inner\">\n\t\t\t\t<div class=\"elementor-element elementor-element-8ef4e88 elementor-widget elementor-widget-heading\" data-id=\"8ef4e88\" data-element_type=\"widget\" data-widget_type=\"heading.default\">\n\t\t\t\t\t<h2 class=\"elementor-heading-title elementor-size-default\">Nuestra misi\u00f3n es elevar la experiencia del vapeo ofreciendo sabores excepcionales, dispositivos confiables y un estilo distintivo que acompa\u00f1e a nuestros usuarios en su d\u00eda a d\u00eda. Nos enfocamos en calidad, seguridad y dise\u00f1o para que cada inhalada sea un instante de placer y autenticidad.<\/h2>\t\t\t\t<\/div>\n\t\t\t\t\t<\/div>\n\t\t\t\t<\/div>\n\t\t<div class=\"elementor-element elementor-element-1955cf3 e-flex e-con-boxed e-con e-parent\" data-id=\"1955cf3\" data-element_type=\"container\">\n\t\t\t\t\t<div class=\"e-con-inner\">\n\t\t\t\t<div class=\"elementor-element elementor-element-e02e533 elementor-tablet-align-center elementor-align-center elementor-widget elementor-widget-button\" data-id=\"e02e533\" data-element_type=\"widget\" data-widget_type=\"button.default\">\n\t\t\t\t\t\t\t\t\t\t<a class=\"elementor-button elementor-button-link elementor-size-sm\" href=\"#\">\n\t\t\t\t\t\t<span class=\"elementor-button-content-wrapper\">\n\t\t\t\t\t\t\t\t\t<span class=\"elementor-button-text\">VISION - NubeEstrella<\/span>\n\t\t\t\t\t<\/span>\n\t\t\t\t\t<\/a>\n\t\t\t\t\t\t\t\t<\/div>\n\t\t\t\t\t<\/div>\n\t\t\t\t<\/div>\n\t\t<div class=\"elementor-element elementor-element-cd52c99 e-flex e-con-boxed e-con e-parent\" data-id=\"cd52c99\" data-element_type=\"container\">\n\t\t\t\t\t<div class=\"e-con-inner\">\n\t\t\t\t<div class=\"elementor-element elementor-element-f1e5421 elementor-widget elementor-widget-heading\" data-id=\"f1e5421\" data-element_type=\"widget\" data-widget_type=\"heading.default\">\n\t\t\t\t\t<h2 class=\"elementor-heading-title elementor-size-default\">Ser la marca latinoamericana de vapes m\u00e1s influyente, reconocida por su innovaci\u00f3n, sus sabores \u00fanicos y una comunidad que vibra con estilo. Aspiramos a crear tendencias, formar experiencias memorables y convertirnos en la primera opci\u00f3n de quienes buscan un vape premium y diferente.<\/h2>\t\t\t\t<\/div>\n\t\t\t\t\t<\/div>\n\t\t\t\t<\/div>\n\t\t<div class=\"elementor-element elementor-element-cdb9b27 e-flex e-con-boxed e-con e-parent\" data-id=\"cdb9b27\" data-element_type=\"container\">\n\t\t\t\t\t<div class=\"e-con-inner\">\n\t\t\t\t<div class=\"elementor-element elementor-element-8c66de2 elementor-align-center elementor-widget elementor-widget-button\" data-id=\"8c66de2\" data-element_type=\"widget\" data-widget_type=\"button.default\">\n\t\t\t\t\t\t\t\t\t\t<a class=\"elementor-button elementor-button-link elementor-size-sm elementor-animation-pulse-shrink\" href=\"#\">\n\t\t\t\t\t\t<span class=\"elementor-button-content-wrapper\">\n\t\t\t\t\t\t\t\t\t<span class=\"elementor-button-text\">EMBAJADORES Y MAS PRODUCTOS<\/span>\n\t\t\t\t\t<\/span>\n\t\t\t\t\t<\/a>\n\t\t\t\t\t\t\t\t<\/div>\n\t\t\t\t\t<\/div>\n\t\t\t\t<\/div>\n\t\t<div class=\"elementor-element elementor-element-2e92222 e-flex e-con-boxed e-con e-parent\" data-id=\"2e92222\" data-element_type=\"container\">\n\t\t\t\t\t<div class=\"e-con-inner\">\n\t\t<div class=\"elementor-element elementor-element-b0e5e18 e-con-full e-flex e-con e-child\" data-id=\"b0e5e18\" data-element_type=\"container\">\n\t\t\t\t<div class=\"elementor-element elementor-element-fe99e19 elementor-widget elementor-widget-image\" data-id=\"fe99e19\" data-element_type=\"widget\" data-widget_type=\"image.default\">\n\t\t\t\t\t\t\t\t\t\t\t\t\t\t\t<img fetchpriority=\"high\" decoding=\"async\" width=\"768\" height=\"1152\" src=\"https:\/\/nubeestrella.top\/wp-content\/uploads\/2025\/12\/mujer-atractiva-de-pie-y-vaping-en-la-pared-amarilla-768x1152.jpg\" class=\"elementor-animation-pulse-grow attachment-medium_large size-medium_large wp-image-467\" alt=\"\" srcset=\"https:\/\/nubeestrella.top\/wp-content\/uploads\/2025\/12\/mujer-atractiva-de-pie-y-vaping-en-la-pared-amarilla-768x1152.jpg 768w, https:\/\/nubeestrella.top\/wp-content\/uploads\/2025\/12\/mujer-atractiva-de-pie-y-vaping-en-la-pared-amarilla-200x300.jpg 200w, https:\/\/nubeestrella.top\/wp-content\/uploads\/2025\/12\/mujer-atractiva-de-pie-y-vaping-en-la-pared-amarilla-683x1024.jpg 683w, https:\/\/nubeestrella.top\/wp-content\/uploads\/2025\/12\/mujer-atractiva-de-pie-y-vaping-en-la-pared-amarilla-1024x1536.jpg 1024w, https:\/\/nubeestrella.top\/wp-content\/uploads\/2025\/12\/mujer-atractiva-de-pie-y-vaping-en-la-pared-amarilla-1365x2048.jpg 1365w, https:\/\/nubeestrella.top\/wp-content\/uploads\/2025\/12\/mujer-atractiva-de-pie-y-vaping-en-la-pared-amarilla-scaled.jpg 1707w\" sizes=\"(max-width: 768px) 100vw, 768px\" \/>\t\t\t\t\t\t\t\t\t\t\t\t\t\t\t<\/div>\n\t\t\t\t<\/div>\n\t\t<div class=\"elementor-element elementor-element-205b917 e-con-full e-flex e-con e-child\" data-id=\"205b917\" data-element_type=\"container\">\n\t\t\t\t<div class=\"elementor-element elementor-element-4f04d98 elementor-widget elementor-widget-image\" data-id=\"4f04d98\" data-element_type=\"widget\" data-widget_type=\"image.default\">\n\t\t\t\t\t\t\t\t\t\t\t\t\t\t\t<img decoding=\"async\" width=\"768\" height=\"1152\" src=\"https:\/\/nubeestrella.top\/wp-content\/uploads\/2025\/12\/elegante-joven-pareja-con-vape-en-una-ciudad-1-768x1152.jpg\" class=\"elementor-animation-pulse-grow attachment-medium_large size-medium_large wp-image-424\" alt=\"\" srcset=\"https:\/\/nubeestrella.top\/wp-content\/uploads\/2025\/12\/elegante-joven-pareja-con-vape-en-una-ciudad-1-768x1152.jpg 768w, https:\/\/nubeestrella.top\/wp-content\/uploads\/2025\/12\/elegante-joven-pareja-con-vape-en-una-ciudad-1-200x300.jpg 200w, https:\/\/nubeestrella.top\/wp-content\/uploads\/2025\/12\/elegante-joven-pareja-con-vape-en-una-ciudad-1-683x1024.jpg 683w, https:\/\/nubeestrella.top\/wp-content\/uploads\/2025\/12\/elegante-joven-pareja-con-vape-en-una-ciudad-1-1024x1536.jpg 1024w, https:\/\/nubeestrella.top\/wp-content\/uploads\/2025\/12\/elegante-joven-pareja-con-vape-en-una-ciudad-1-1365x2048.jpg 1365w, https:\/\/nubeestrella.top\/wp-content\/uploads\/2025\/12\/elegante-joven-pareja-con-vape-en-una-ciudad-1-scaled.jpg 1707w\" sizes=\"(max-width: 768px) 100vw, 768px\" \/>\t\t\t\t\t\t\t\t\t\t\t\t\t\t\t<\/div>\n\t\t\t\t<\/div>\n\t\t<div class=\"elementor-element elementor-element-6918aff e-con-full e-flex e-con e-child\" data-id=\"6918aff\" data-element_type=\"container\">\n\t\t\t\t<div class=\"elementor-element elementor-element-8ada3cc elementor-widget elementor-widget-image\" data-id=\"8ada3cc\" data-element_type=\"widget\" data-widget_type=\"image.default\">\n\t\t\t\t\t\t\t\t\t\t\t\t\t\t\t<img decoding=\"async\" width=\"740\" height=\"1110\" src=\"https:\/\/nubeestrella.top\/wp-content\/uploads\/2025\/12\/joven-mujer-sexy-vaping-fumar-cigarrillo-electronico-nube-vapor-pared-negra_231208-3640-1.avif\" class=\"elementor-animation-pulse-shrink attachment-medium_large size-medium_large wp-image-461\" alt=\"\" srcset=\"https:\/\/nubeestrella.top\/wp-content\/uploads\/2025\/12\/joven-mujer-sexy-vaping-fumar-cigarrillo-electronico-nube-vapor-pared-negra_231208-3640-1.avif 740w, https:\/\/nubeestrella.top\/wp-content\/uploads\/2025\/12\/joven-mujer-sexy-vaping-fumar-cigarrillo-electronico-nube-vapor-pared-negra_231208-3640-1-200x300.avif 200w, https:\/\/nubeestrella.top\/wp-content\/uploads\/2025\/12\/joven-mujer-sexy-vaping-fumar-cigarrillo-electronico-nube-vapor-pared-negra_231208-3640-1-683x1024.avif 683w\" sizes=\"(max-width: 740px) 100vw, 740px\" \/>\t\t\t\t\t\t\t\t\t\t\t\t\t\t\t<\/div>\n\t\t\t\t<\/div>\n\t\t<div class=\"elementor-element elementor-element-7a28086 e-con-full e-flex e-con e-child\" data-id=\"7a28086\" data-element_type=\"container\">\n\t\t\t\t<div class=\"elementor-element elementor-element-1ef8ea4 elementor-widget elementor-widget-image\" data-id=\"1ef8ea4\" data-element_type=\"widget\" data-widget_type=\"image.default\">\n\t\t\t\t\t\t\t\t\t\t\t\t\t\t\t<img loading=\"lazy\" decoding=\"async\" width=\"626\" height=\"939\" src=\"https:\/\/nubeestrella.top\/wp-content\/uploads\/2025\/11\/Liberate-del-Tabaco-y-el-Vaping.jpeg\" class=\"elementor-animation-pulse-shrink attachment-medium_large size-medium_large wp-image-255\" alt=\"\" srcset=\"https:\/\/nubeestrella.top\/wp-content\/uploads\/2025\/11\/Liberate-del-Tabaco-y-el-Vaping.jpeg 626w, https:\/\/nubeestrella.top\/wp-content\/uploads\/2025\/11\/Liberate-del-Tabaco-y-el-Vaping-200x300.jpeg 200w\" sizes=\"(max-width: 626px) 100vw, 626px\" \/>\t\t\t\t\t\t\t\t\t\t\t\t\t\t\t<\/div>\n\t\t\t\t<\/div>\n\t\t\t\t\t<\/div>\n\t\t\t\t<\/div>\n\t\t<div class=\"elementor-element elementor-element-1dae170 e-grid e-con-boxed e-con e-parent\" data-id=\"1dae170\" data-element_type=\"container\">\n\t\t\t\t\t<div class=\"e-con-inner\">\n\t\t\t\t<div class=\"elementor-element elementor-element-ad734ac elementor-widget elementor-widget-image\" data-id=\"ad734ac\" data-element_type=\"widget\" data-widget_type=\"image.default\">\n\t\t\t\t\t\t\t\t\t\t\t\t\t\t\t<img loading=\"lazy\" decoding=\"async\" width=\"736\" height=\"1308\" src=\"https:\/\/nubeestrella.top\/wp-content\/uploads\/2025\/11\/Descubre-los-top-con-sabor-online.jpeg\" class=\"elementor-animation-pulse-shrink attachment-medium_large size-medium_large wp-image-147\" alt=\"\" srcset=\"https:\/\/nubeestrella.top\/wp-content\/uploads\/2025\/11\/Descubre-los-top-con-sabor-online.jpeg 736w, https:\/\/nubeestrella.top\/wp-content\/uploads\/2025\/11\/Descubre-los-top-con-sabor-online-169x300.jpeg 169w, https:\/\/nubeestrella.top\/wp-content\/uploads\/2025\/11\/Descubre-los-top-con-sabor-online-576x1024.jpeg 576w\" sizes=\"(max-width: 736px) 100vw, 736px\" \/>\t\t\t\t\t\t\t\t\t\t\t\t\t\t\t<\/div>\n\t\t\t\t<div class=\"elementor-element elementor-element-cda1004 elementor-widget elementor-widget-image\" data-id=\"cda1004\" data-element_type=\"widget\" data-widget_type=\"image.default\">\n\t\t\t\t\t\t\t\t\t\t\t\t\t\t\t<img loading=\"lazy\" decoding=\"async\" width=\"736\" height=\"736\" src=\"https:\/\/nubeestrella.top\/wp-content\/uploads\/2025\/11\/Lost-Mary-BM6000-Disposable-6000-Puff.jpeg\" class=\"elementor-animation-pulse-shrink attachment-medium_large size-medium_large wp-image-92\" alt=\"\" srcset=\"https:\/\/nubeestrella.top\/wp-content\/uploads\/2025\/11\/Lost-Mary-BM6000-Disposable-6000-Puff.jpeg 736w, https:\/\/nubeestrella.top\/wp-content\/uploads\/2025\/11\/Lost-Mary-BM6000-Disposable-6000-Puff-300x300.jpeg 300w, https:\/\/nubeestrella.top\/wp-content\/uploads\/2025\/11\/Lost-Mary-BM6000-Disposable-6000-Puff-150x150.jpeg 150w\" sizes=\"(max-width: 736px) 100vw, 736px\" \/>\t\t\t\t\t\t\t\t\t\t\t\t\t\t\t<\/div>\n\t\t\t\t<div class=\"elementor-element elementor-element-999754d elementor-widget elementor-widget-image\" data-id=\"999754d\" data-element_type=\"widget\" data-widget_type=\"image.default\">\n\t\t\t\t\t\t\t\t\t\t\t\t\t\t\t<img loading=\"lazy\" decoding=\"async\" width=\"768\" height=\"768\" src=\"https:\/\/nubeestrella.top\/wp-content\/uploads\/2025\/11\/innokin-t22-pro-red-768x768.webp\" class=\"elementor-animation-pulse-shrink attachment-medium_large size-medium_large wp-image-207\" alt=\"\" srcset=\"https:\/\/nubeestrella.top\/wp-content\/uploads\/2025\/11\/innokin-t22-pro-red-768x768.webp 768w, https:\/\/nubeestrella.top\/wp-content\/uploads\/2025\/11\/innokin-t22-pro-red-300x300.webp 300w, https:\/\/nubeestrella.top\/wp-content\/uploads\/2025\/11\/innokin-t22-pro-red-1024x1024.webp 1024w, https:\/\/nubeestrella.top\/wp-content\/uploads\/2025\/11\/innokin-t22-pro-red-150x150.webp 150w, https:\/\/nubeestrella.top\/wp-content\/uploads\/2025\/11\/innokin-t22-pro-red.webp 1200w\" sizes=\"(max-width: 768px) 100vw, 768px\" \/>\t\t\t\t\t\t\t\t\t\t\t\t\t\t\t<\/div>\n\t\t\t\t<div class=\"elementor-element elementor-element-81570c1 elementor-widget elementor-widget-image\" data-id=\"81570c1\" data-element_type=\"widget\" data-widget_type=\"image.default\">\n\t\t\t\t\t\t\t\t\t\t\t\t\t\t\t<img loading=\"lazy\" decoding=\"async\" width=\"375\" height=\"375\" src=\"https:\/\/nubeestrella.top\/wp-content\/uploads\/2025\/11\/VOOPOO-DRAG-X-MOD-POD-KIT.jpeg\" class=\"elementor-animation-pulse-shrink attachment-medium_large size-medium_large wp-image-125\" alt=\"\" srcset=\"https:\/\/nubeestrella.top\/wp-content\/uploads\/2025\/11\/VOOPOO-DRAG-X-MOD-POD-KIT.jpeg 375w, https:\/\/nubeestrella.top\/wp-content\/uploads\/2025\/11\/VOOPOO-DRAG-X-MOD-POD-KIT-300x300.jpeg 300w, https:\/\/nubeestrella.top\/wp-content\/uploads\/2025\/11\/VOOPOO-DRAG-X-MOD-POD-KIT-150x150.jpeg 150w\" sizes=\"(max-width: 375px) 100vw, 375px\" \/>\t\t\t\t\t\t\t\t\t\t\t\t\t\t\t<\/div>\n\t\t\t\t\t<\/div>\n\t\t\t\t<\/div>\n\t\t\t\t<\/div>\n\t\t","protected":false},"excerpt":{"rendered":"<p>\u00abSomos NubeEstrella: sabor,estilo y vapor en cada nube\u00bb MISION &#8211; NubeEstrella Nuestra misi\u00f3n es elevar la experiencia del vapeo ofreciendo sabores excepcionales, dispositivos confiables y un estilo distintivo que acompa\u00f1e a nuestros usuarios en su d\u00eda a d\u00eda. Nos enfocamos en calidad, seguridad y dise\u00f1o para que cada inhalada sea un instante de placer y [&hellip;]<\/p>\n","protected":false},"author":1,"featured_media":0,"parent":0,"menu_order":0,"comment_status":"closed","ping_status":"closed","template":"","meta":{"footnotes":""},"class_list":["post-14","page","type-page","status-publish","hentry"],"yoast_head":"<!-- This site is optimized with the Yoast SEO plugin v26.4 - https:\/\/yoast.com\/wordpress\/plugins\/seo\/ -->\n<title>Sobre NubeEstrella | Qui\u00e9nes Somos<\/title>\n<meta name=\"description\" content=\"Conoce m\u00e1s sobre NubeEstrella, nuestra misi\u00f3n, visi\u00f3n y compromiso con la experiencia de vapeo segura, moderna y accesible.\" \/>\n<meta name=\"robots\" content=\"index, follow, max-snippet:-1, max-image-preview:large, max-video-preview:-1\" \/>\n<link rel=\"canonical\" href=\"https:\/\/nubeestrella.top\/index.php\/sobre-nubeestrella\/\" \/>\n<meta property=\"og:locale\" content=\"es_ES\" \/>\n<meta property=\"og:type\" content=\"article\" \/>\n<meta property=\"og:title\" content=\"Sobre NubeEstrella | Qui\u00e9nes Somos\" \/>\n<meta property=\"og:description\" content=\"Conoce m\u00e1s sobre NubeEstrella, nuestra misi\u00f3n, visi\u00f3n y compromiso con la experiencia de vapeo segura, moderna y accesible.\" \/>\n<meta property=\"og:url\" content=\"https:\/\/nubeestrella.top\/index.php\/sobre-nubeestrella\/\" \/>\n<meta property=\"article:modified_time\" content=\"2025-12-08T05:55:42+00:00\" \/>\n<meta property=\"og:image\" content=\"http:\/\/nubeestrella.top\/wp-content\/uploads\/2025\/12\/mujer-atractiva-de-pie-y-vaping-en-la-pared-amarilla-768x1152.jpg\" \/>\n<meta name=\"twitter:card\" content=\"summary_large_image\" \/>\n<meta name=\"twitter:label1\" content=\"Tiempo de lectura\" \/>\n\t<meta name=\"twitter:data1\" content=\"3 minutos\" \/>\n<script type=\"application\/ld+json\" class=\"yoast-schema-graph\">{\"@context\":\"https:\/\/schema.org\",\"@graph\":[{\"@type\":\"WebPage\",\"@id\":\"https:\/\/nubeestrella.top\/index.php\/sobre-nubeestrella\/\",\"url\":\"https:\/\/nubeestrella.top\/index.php\/sobre-nubeestrella\/\",\"name\":\"Sobre NubeEstrella | Qui\u00e9nes Somos\",\"isPartOf\":{\"@id\":\"http:\/\/nubeestrella.top\/#website\"},\"primaryImageOfPage\":{\"@id\":\"https:\/\/nubeestrella.top\/index.php\/sobre-nubeestrella\/#primaryimage\"},\"image\":{\"@id\":\"https:\/\/nubeestrella.top\/index.php\/sobre-nubeestrella\/#primaryimage\"},\"thumbnailUrl\":\"http:\/\/nubeestrella.top\/wp-content\/uploads\/2025\/12\/mujer-atractiva-de-pie-y-vaping-en-la-pared-amarilla-768x1152.jpg\",\"datePublished\":\"2025-11-25T04:14:07+00:00\",\"dateModified\":\"2025-12-08T05:55:42+00:00\",\"description\":\"Conoce m\u00e1s sobre NubeEstrella, nuestra misi\u00f3n, visi\u00f3n y compromiso con la experiencia de vapeo segura, moderna y accesible.\",\"breadcrumb\":{\"@id\":\"https:\/\/nubeestrella.top\/index.php\/sobre-nubeestrella\/#breadcrumb\"},\"inLanguage\":\"es\",\"potentialAction\":[{\"@type\":\"ReadAction\",\"target\":[\"https:\/\/nubeestrella.top\/index.php\/sobre-nubeestrella\/\"]}]},{\"@type\":\"ImageObject\",\"inLanguage\":\"es\",\"@id\":\"https:\/\/nubeestrella.top\/index.php\/sobre-nubeestrella\/#primaryimage\",\"url\":\"http:\/\/nubeestrella.top\/wp-content\/uploads\/2025\/12\/mujer-atractiva-de-pie-y-vaping-en-la-pared-amarilla-768x1152.jpg\",\"contentUrl\":\"http:\/\/nubeestrella.top\/wp-content\/uploads\/2025\/12\/mujer-atractiva-de-pie-y-vaping-en-la-pared-amarilla-768x1152.jpg\"},{\"@type\":\"BreadcrumbList\",\"@id\":\"https:\/\/nubeestrella.top\/index.php\/sobre-nubeestrella\/#breadcrumb\",\"itemListElement\":[{\"@type\":\"ListItem\",\"position\":1,\"name\":\"Portada\",\"item\":\"http:\/\/nubeestrella.top\/\"},{\"@type\":\"ListItem\",\"position\":2,\"name\":\"NOSOTROS\"}]},{\"@type\":\"WebSite\",\"@id\":\"http:\/\/nubeestrella.top\/#website\",\"url\":\"http:\/\/nubeestrella.top\/\",\"name\":\"nubeestrella\",\"description\":\"\",\"publisher\":{\"@id\":\"http:\/\/nubeestrella.top\/#\/schema\/person\/18ef6724e353d54cc1cd4f7f043c578a\"},\"potentialAction\":[{\"@type\":\"SearchAction\",\"target\":{\"@type\":\"EntryPoint\",\"urlTemplate\":\"http:\/\/nubeestrella.top\/?s={search_term_string}\"},\"query-input\":{\"@type\":\"PropertyValueSpecification\",\"valueRequired\":true,\"valueName\":\"search_term_string\"}}],\"inLanguage\":\"es\"},{\"@type\":[\"Person\",\"Organization\"],\"@id\":\"http:\/\/nubeestrella.top\/#\/schema\/person\/18ef6724e353d54cc1cd4f7f043c578a\",\"name\":\"kevin_adminestrella\",\"image\":{\"@type\":\"ImageObject\",\"inLanguage\":\"es\",\"@id\":\"http:\/\/nubeestrella.top\/#\/schema\/person\/image\/\",\"url\":\"https:\/\/secure.gravatar.com\/avatar\/9022184f84057456f9d94eec88fd81d78f5665efc3fb291e56ce72c3cbeab947?s=96&d=mm&r=g\",\"contentUrl\":\"https:\/\/secure.gravatar.com\/avatar\/9022184f84057456f9d94eec88fd81d78f5665efc3fb291e56ce72c3cbeab947?s=96&d=mm&r=g\",\"caption\":\"kevin_adminestrella\"},\"logo\":{\"@id\":\"http:\/\/nubeestrella.top\/#\/schema\/person\/image\/\"},\"sameAs\":[\"http:\/\/nubeestrella.top\"]}]}<\/script>\n<!-- \/ Yoast SEO plugin. -->","yoast_head_json":{"title":"Sobre NubeEstrella | Qui\u00e9nes Somos","description":"Conoce m\u00e1s sobre NubeEstrella, nuestra misi\u00f3n, visi\u00f3n y compromiso con la experiencia de vapeo segura, moderna y accesible.","robots":{"index":"index","follow":"follow","max-snippet":"max-snippet:-1","max-image-preview":"max-image-preview:large","max-video-preview":"max-video-preview:-1"},"canonical":"https:\/\/nubeestrella.top\/index.php\/sobre-nubeestrella\/","og_locale":"es_ES","og_type":"article","og_title":"Sobre NubeEstrella | Qui\u00e9nes Somos","og_description":"Conoce m\u00e1s sobre NubeEstrella, nuestra misi\u00f3n, visi\u00f3n y compromiso con la experiencia de vapeo segura, moderna y accesible.","og_url":"https:\/\/nubeestrella.top\/index.php\/sobre-nubeestrella\/","article_modified_time":"2025-12-08T05:55:42+00:00","og_image":[{"url":"http:\/\/nubeestrella.top\/wp-content\/uploads\/2025\/12\/mujer-atractiva-de-pie-y-vaping-en-la-pared-amarilla-768x1152.jpg","type":"","width":"","height":""}],"twitter_card":"summary_large_image","twitter_misc":{"Tiempo de lectura":"3 minutos"},"schema":{"@context":"https:\/\/schema.org","@graph":[{"@type":"WebPage","@id":"https:\/\/nubeestrella.top\/index.php\/sobre-nubeestrella\/","url":"https:\/\/nubeestrella.top\/index.php\/sobre-nubeestrella\/","name":"Sobre NubeEstrella | Qui\u00e9nes Somos","isPartOf":{"@id":"http:\/\/nubeestrella.top\/#website"},"primaryImageOfPage":{"@id":"https:\/\/nubeestrella.top\/index.php\/sobre-nubeestrella\/#primaryimage"},"image":{"@id":"https:\/\/nubeestrella.top\/index.php\/sobre-nubeestrella\/#primaryimage"},"thumbnailUrl":"http:\/\/nubeestrella.top\/wp-content\/uploads\/2025\/12\/mujer-atractiva-de-pie-y-vaping-en-la-pared-amarilla-768x1152.jpg","datePublished":"2025-11-25T04:14:07+00:00","dateModified":"2025-12-08T05:55:42+00:00","description":"Conoce m\u00e1s sobre NubeEstrella, nuestra misi\u00f3n, visi\u00f3n y compromiso con la experiencia de vapeo segura, moderna y accesible.","breadcrumb":{"@id":"https:\/\/nubeestrella.top\/index.php\/sobre-nubeestrella\/#breadcrumb"},"inLanguage":"es","potentialAction":[{"@type":"ReadAction","target":["https:\/\/nubeestrella.top\/index.php\/sobre-nubeestrella\/"]}]},{"@type":"ImageObject","inLanguage":"es","@id":"https:\/\/nubeestrella.top\/index.php\/sobre-nubeestrella\/#primaryimage","url":"http:\/\/nubeestrella.top\/wp-content\/uploads\/2025\/12\/mujer-atractiva-de-pie-y-vaping-en-la-pared-amarilla-768x1152.jpg","contentUrl":"http:\/\/nubeestrella.top\/wp-content\/uploads\/2025\/12\/mujer-atractiva-de-pie-y-vaping-en-la-pared-amarilla-768x1152.jpg"},{"@type":"BreadcrumbList","@id":"https:\/\/nubeestrella.top\/index.php\/sobre-nubeestrella\/#breadcrumb","itemListElement":[{"@type":"ListItem","position":1,"name":"Portada","item":"http:\/\/nubeestrella.top\/"},{"@type":"ListItem","position":2,"name":"NOSOTROS"}]},{"@type":"WebSite","@id":"http:\/\/nubeestrella.top\/#website","url":"http:\/\/nubeestrella.top\/","name":"nubeestrella","description":"","publisher":{"@id":"http:\/\/nubeestrella.top\/#\/schema\/person\/18ef6724e353d54cc1cd4f7f043c578a"},"potentialAction":[{"@type":"SearchAction","target":{"@type":"EntryPoint","urlTemplate":"http:\/\/nubeestrella.top\/?s={search_term_string}"},"query-input":{"@type":"PropertyValueSpecification","valueRequired":true,"valueName":"search_term_string"}}],"inLanguage":"es"},{"@type":["Person","Organization"],"@id":"http:\/\/nubeestrella.top\/#\/schema\/person\/18ef6724e353d54cc1cd4f7f043c578a","name":"kevin_adminestrella","image":{"@type":"ImageObject","inLanguage":"es","@id":"http:\/\/nubeestrella.top\/#\/schema\/person\/image\/","url":"https:\/\/secure.gravatar.com\/avatar\/9022184f84057456f9d94eec88fd81d78f5665efc3fb291e56ce72c3cbeab947?s=96&d=mm&r=g","contentUrl":"https:\/\/secure.gravatar.com\/avatar\/9022184f84057456f9d94eec88fd81d78f5665efc3fb291e56ce72c3cbeab947?s=96&d=mm&r=g","caption":"kevin_adminestrella"},"logo":{"@id":"http:\/\/nubeestrella.top\/#\/schema\/person\/image\/"},"sameAs":["http:\/\/nubeestrella.top"]}]}},"_links":{"self":[{"href":"https:\/\/nubeestrella.top\/index.php\/wp-json\/wp\/v2\/pages\/14","targetHints":{"allow":["GET"]}}],"collection":[{"href":"https:\/\/nubeestrella.top\/index.php\/wp-json\/wp\/v2\/pages"}],"about":[{"href":"https:\/\/nubeestrella.top\/index.php\/wp-json\/wp\/v2\/types\/page"}],"author":[{"embeddable":true,"href":"https:\/\/nubeestrella.top\/index.php\/wp-json\/wp\/v2\/users\/1"}],"replies":[{"embeddable":true,"href":"https:\/\/nubeestrella.top\/index.php\/wp-json\/wp\/v2\/comments?post=14"}],"version-history":[{"count":32,"href":"https:\/\/nubeestrella.top\/index.php\/wp-json\/wp\/v2\/pages\/14\/revisions"}],"predecessor-version":[{"id":470,"href":"https:\/\/nubeestrella.top\/index.php\/wp-json\/wp\/v2\/pages\/14\/revisions\/470"}],"wp:attachment":[{"href":"https:\/\/nubeestrella.top\/index.php\/wp-json\/wp\/v2\/media?parent=14"}],"curies":[{"name":"wp","href":"https:\/\/api.w.org\/{rel}","templated":true}]}}